{"id":27,"date":"2011-08-16T12:43:33","date_gmt":"2011-08-16T11:43:33","guid":{"rendered":"http:\/\/mayeur.com\/wordpressfr\/?page_id=27"},"modified":"2024-02-21T11:24:44","modified_gmt":"2024-02-21T10:24:44","slug":"presentation","status":"publish","type":"page","link":"https:\/\/mayeur.com\/wordpressfr\/","title":{"rendered":"Qui suis-je?"},"content":{"rendered":"<p>Ma passion professionnelle est l&rsquo;<strong>int\u00e9gration de progiciels CRM<\/strong>. <em>Dr\u00f4le de passion me direz vous!<\/em><br \/>\nJ&rsquo;aime cela car ayant pu acqu\u00e9rir une bonne exp\u00e9rience du domaine sur les 20 derni\u00e8res ann\u00e9es, je pense pouvoir \u00eatre pertinent, et cette comp\u00e9tence reconnue est pour moi l&rsquo;excellent pr\u00e9texte pour voir et comprendre de tr\u00e8s nombreux clients, de toutes tailles et tous secteurs.<br \/>\nComprendre la fa\u00e7on dont chacun travaille, comment fonctionnent les \u00e9quipes entre elles, comment il serait possible de rendre mes clients encore plus forts gr\u00e2ce \u00e0 un emploi optimis\u00e9 des outils digitaux, c&rsquo;est tout cela que j&rsquo;aime.<br \/>\nMon moteur : apporter de la <strong>valeur <\/strong>\u00e0 mes clients et vivre de v\u00e9ritables <strong>aventures humaines<\/strong> dans chacun de mes projets.<\/p>\n<p>Je suis l&rsquo;un des consultants les plus reconnus en France sur Selligent, j&rsquo;ai cr\u00e9\u00e9 mon propre CRM il y a quelques ann\u00e9es, j&rsquo;ai maintenant pris le virage vers Microsoft Dynamics 365, et j&rsquo;ai travaill\u00e9 \u00e9galement sur quelques autres outils CRM.<\/p>\n<p>Je m&rsquo;engage, soit en mode r\u00e9gie, soit au mode forfait, sur des missions d&rsquo;<strong>expertise<\/strong> et d&rsquo;int\u00e9gration principalement autour du <strong>CRM<\/strong>. Ma ligne de conduite se fixe les trois axes majeurs suivants :<\/p>\n<ul>\n<li>service exemplaire apport\u00e9 aux clients : \u00e9coute, compr\u00e9hension des besoins, et force de proposition issue de l&rsquo;exp\u00e9rience dans de tr\u00e8s nombreux domaines, respect des d\u00e9lais<\/li>\n<\/ul>\n<ul>\n<li>expertise forte sur des technologies choisies (<strong>Dynamics 365, Selligent, .net, java<\/strong>)<\/li>\n<\/ul>\n<ul>\n<li>rigueur dans l&rsquo;ex\u00e9cution des travaux<\/li>\n<\/ul>\n<p><a href=\"http:\/\/mayeur.com\/wordpressfr\/wp-content\/uploads\/2011\/08\/nicolas.jpg\"><img loading=\"lazy\" decoding=\"async\" class=\"size-medium wp-image-42 aligncenter\" title=\"Nicolas Mayeur\" src=\"http:\/\/mayeur.com\/wordpressfr\/wp-content\/uploads\/2011\/08\/nicolas-300x225.jpg\" alt=\"\" width=\"300\" height=\"225\" srcset=\"https:\/\/mayeur.com\/wordpressfr\/wp-content\/uploads\/2011\/08\/nicolas-300x225.jpg 300w, https:\/\/mayeur.com\/wordpressfr\/wp-content\/uploads\/2011\/08\/nicolas.jpg 400w\" sizes=\"auto, (max-width: 300px) 100vw, 300px\" \/><\/a><\/p>\n<p><a href=\"http:\/\/mayeur.com\/wordpressfr\/?page_id=36\">Consultez mes disponibilit\u00e9s.<\/a><\/p>\n<p>Consultez mon&nbsp;<a href=\"http:\/\/mayeur.com\/wordpressfr\/wp-content\/uploads\/2020\/08\/CV-Nicolas-MAYEUR_20200821.pdf\" target=\"_blank\" rel=\"noopener noreferrer\">CV<\/a><\/p>\n<p><a title=\"Activit\u00e9 consulting\" href=\"http:\/\/mayeur.com\/wordpressfr\/?page_id=45\">Plus d&rsquo;information.<\/a><\/p>\n<p><a href=\"https:\/\/learn.microsoft.com\/en-us\/users\/nicolasmayeur-3646\/transcript\/7xn14f5y2wqozj8?tab=credentials-tab\">Certificatipons et profil Microsoft learn<\/a><\/p>\n<p>&nbsp;<\/p>\n","protected":false},"excerpt":{"rendered":"<p>Ma passion professionnelle est l&rsquo;int\u00e9gration de progiciels CRM. Dr\u00f4le de passion me direz vous! J&rsquo;aime cela car ayant pu acqu\u00e9rir une bonne exp\u00e9rience du domaine sur les 20 derni\u00e8res ann\u00e9es, je pense pouvoir \u00eatre pertinent, et cette comp\u00e9tence reconnue est pour moi l&rsquo;excellent pr\u00e9texte pour voir et comprendre de tr\u00e8s nombreux clients, de toutes tailles [&hellip;]<\/p>\n","protected":false},"author":1,"featured_media":0,"parent":0,"menu_order":0,"comment_status":"closed","ping_status":"open","template":"","meta":{"ngg_post_thumbnail":0,"footnotes":""},"class_list":["post-27","page","type-page","status-publish","hentry"],"_links":{"self":[{"href":"https:\/\/mayeur.com\/wordpressfr\/wp-json\/wp\/v2\/pages\/27","targetHints":{"allow":["GET"]}}],"collection":[{"href":"https:\/\/mayeur.com\/wordpressfr\/wp-json\/wp\/v2\/pages"}],"about":[{"href":"https:\/\/mayeur.com\/wordpressfr\/wp-json\/wp\/v2\/types\/page"}],"author":[{"embeddable":true,"href":"https:\/\/mayeur.com\/wordpressfr\/wp-json\/wp\/v2\/users\/1"}],"replies":[{"embeddable":true,"href":"https:\/\/mayeur.com\/wordpressfr\/wp-json\/wp\/v2\/comments?post=27"}],"version-history":[{"count":29,"href":"https:\/\/mayeur.com\/wordpressfr\/wp-json\/wp\/v2\/pages\/27\/revisions"}],"predecessor-version":[{"id":296,"href":"https:\/\/mayeur.com\/wordpressfr\/wp-json\/wp\/v2\/pages\/27\/revisions\/296"}],"wp:attachment":[{"href":"https:\/\/mayeur.com\/wordpressfr\/wp-json\/wp\/v2\/media?parent=27"}],"curies":[{"name":"wp","href":"https:\/\/api.w.org\/{rel}","templated":true}]}}